{"id":1032,"date":"2017-01-29T07:43:31","date_gmt":"2017-01-29T06:43:31","guid":{"rendered":"http:\/\/rowerowy.dzikus.org\/?page_id=1032"},"modified":"2017-05-10T11:49:10","modified_gmt":"2017-05-10T10:49:10","slug":"o-mnie","status":"publish","type":"page","link":"https:\/\/rowerowy.dzikus.org\/?page_id=1032","title":{"rendered":"O mnie"},"content":{"rendered":"<p>Nazywam si\u0119 Micha\u0142. Mieszkam w Szczecinie. Na co dzie\u0144 pracuj\u0119 za biurkiem jako administrator sieci.<br \/>\nRower od kilku lat jest moj\u0105 najwi\u0119ksz\u0105 pasj\u0105. Uwielbiam wszystko, co z nim zwi\u0105zane &#8211; jazd\u0119, serwis, wyszukiwanie cz\u0119\u015bci.<br \/>\nPlanowanie i realizacja\u00a0 wycieczek, zar\u00f3wno tych lokalnych, jak i wi\u0119kszych, r\u00f3wnie\u017c sprawia mi wielk\u0105 rado\u015b\u0107. Ju\u017c kilka miesi\u0119cy przed wyjazdem planuj\u0119 wszystko, wyszukuj\u0119 ciekawych tras, niekoniecznie le\u017c\u0105cych na g\u0142\u00f3wnych szlakach turystycznych.<\/p>\n","protected":false},"excerpt":{"rendered":"<p>Nazywam si\u0119 Micha\u0142. Mieszkam w Szczecinie. Na co dzie\u0144 pracuj\u0119 za biurkiem jako administrator sieci. Rower od kilku lat jest moj\u0105 najwi\u0119ksz\u0105 pasj\u0105. Uwielbiam wszystko, co z nim zwi\u0105zane &#8211; jazd\u0119, serwis, wyszukiwanie cz\u0119\u015bci. Planowanie i realizacja\u00a0 wycieczek, zar\u00f3wno tych lokalnych, jak i wi\u0119kszych, r\u00f3wnie\u017c sprawia mi wielk\u0105 rado\u015b\u0107. Ju\u017c kilka miesi\u0119cy przed wyjazdem planuj\u0119 [&hellip;]<\/p>\n","protected":false},"author":1,"featured_media":0,"parent":0,"menu_order":0,"comment_status":"closed","ping_status":"closed","template":"","meta":{"ngg_post_thumbnail":0,"footnotes":""},"_links":{"self":[{"href":"https:\/\/rowerowy.dzikus.org\/index.php?rest_route=\/wp\/v2\/pages\/1032"}],"collection":[{"href":"https:\/\/rowerowy.dzikus.org\/index.php?rest_route=\/wp\/v2\/pages"}],"about":[{"href":"https:\/\/rowerowy.dzikus.org\/index.php?rest_route=\/wp\/v2\/types\/page"}],"author":[{"embeddable":true,"href":"https:\/\/rowerowy.dzikus.org\/index.php?rest_route=\/wp\/v2\/users\/1"}],"replies":[{"embeddable":true,"href":"https:\/\/rowerowy.dzikus.org\/index.php?rest_route=%2Fwp%2Fv2%2Fcomments&post=1032"}],"version-history":[{"count":2,"href":"https:\/\/rowerowy.dzikus.org\/index.php?rest_route=\/wp\/v2\/pages\/1032\/revisions"}],"predecessor-version":[{"id":1044,"href":"https:\/\/rowerowy.dzikus.org\/index.php?rest_route=\/wp\/v2\/pages\/1032\/revisions\/1044"}],"wp:attachment":[{"href":"https:\/\/rowerowy.dzikus.org\/index.php?rest_route=%2Fwp%2Fv2%2Fmedia&parent=1032"}],"curies":[{"name":"wp","href":"https:\/\/api.w.org\/{rel}","templated":true}]}}